{"id":415,"date":"2019-04-01T21:39:49","date_gmt":"2019-04-01T21:39:49","guid":{"rendered":"https:\/\/hajosanders.com\/?page_id=415"},"modified":"2019-04-02T17:30:01","modified_gmt":"2019-04-02T17:30:01","slug":"nachtstucke-d","status":"publish","type":"page","link":"https:\/\/hajosanders.com\/index.php\/de\/nachtstucke-d\/","title":{"rendered":"Nachtst\u00fccke"},"content":{"rendered":"\n<figure class=\"wp-block-embed-youtube wp-block-embed is-type-video is-provider-youtube wp-embed-aspect-16-9 wp-has-aspect-ratio\"><div class=\"wp-block-embed__wrapper\">\n<iframe width=\"525\" height=\"295\" src=\"https:\/\/www.youtube.com\/embed\/Gg4BbCPa-bk?feature=oembed\" frameborder=\"0\" allow=\"accelerometer; autoplay; encrypted-media; gyroscope; picture-in-picture\" allowfullscreen><\/iframe>\n<\/div><\/figure>\n\n\n<p>\u00a0<\/p>\n<p>Nach jahrelanger Arbeit als freelance Musiker wurde es Zeit mich auf die Suche nach meiner musikalischen Essenz zu machen. Mir schien meine Heimatinsel Langeoog, die mich nie richtig losgelassen hat, der geeignete Ort f\u00fcr diese Suche. Darum fuhr ich im Winter 2012 auf die Insel um etwas neues zu komponieren.<\/p>\n<p><img loading=\"lazy\" class=\" wp-image-449 alignleft\" src=\"https:\/\/hajosanders.com\/wp-content\/uploads\/2019\/04\/Boekje-ronde-16-pagina-1-300x300.jpg\" alt=\"\" width=\"288\" height=\"288\" srcset=\"https:\/\/hajosanders.com\/wp-content\/uploads\/2019\/04\/Boekje-ronde-16-pagina-1-300x300.jpg 300w, https:\/\/hajosanders.com\/wp-content\/uploads\/2019\/04\/Boekje-ronde-16-pagina-1-150x150.jpg 150w, https:\/\/hajosanders.com\/wp-content\/uploads\/2019\/04\/Boekje-ronde-16-pagina-1-768x768.jpg 768w, https:\/\/hajosanders.com\/wp-content\/uploads\/2019\/04\/Boekje-ronde-16-pagina-1-1024x1024.jpg 1024w, https:\/\/hajosanders.com\/wp-content\/uploads\/2019\/04\/Boekje-ronde-16-pagina-1-100x100.jpg 100w\" sizes=\"(max-width: 288px) 100vw, 288px\" \/>Kaum angekommen fand ich mich bei minus vierzehn Grad in einer winterlichen Traumlandschaft wieder.<\/p>\n<p>W\u00e4hrend die musikalischen Ideen, inspiriert von der menschenleeren Stille der eingefrorenen Insel sehr schnell entstanden wurde die Ausarbeitung und Aufnahme der Kompositionen f\u00fcr mein Album &#8216;Nachtst\u00fccke&#8217; ein Prozess der sich \u00fcber Jahre hingezogen hat. Immer wieder unterbrochen durch andere f\u00fcr mich wichtige Projekte oder Ereignisse in meinem Leben durch die ich nicht in der Lage war meine Arbeit am Album fortzusetzen.<\/p>\n<figure id=\"attachment_450\" aria-describedby=\"caption-attachment-450\" style=\"width: 297px\" class=\"wp-caption alignright\"><img loading=\"lazy\" class=\"wp-image-450\" src=\"https:\/\/hajosanders.com\/wp-content\/uploads\/2019\/04\/Cadaques-Kopie-300x300.jpg\" alt=\"\" width=\"297\" height=\"297\" srcset=\"https:\/\/hajosanders.com\/wp-content\/uploads\/2019\/04\/Cadaques-Kopie-300x300.jpg 300w, https:\/\/hajosanders.com\/wp-content\/uploads\/2019\/04\/Cadaques-Kopie-150x150.jpg 150w, https:\/\/hajosanders.com\/wp-content\/uploads\/2019\/04\/Cadaques-Kopie-768x768.jpg 768w, https:\/\/hajosanders.com\/wp-content\/uploads\/2019\/04\/Cadaques-Kopie-1024x1024.jpg 1024w, https:\/\/hajosanders.com\/wp-content\/uploads\/2019\/04\/Cadaques-Kopie-100x100.jpg 100w, https:\/\/hajosanders.com\/wp-content\/uploads\/2019\/04\/Cadaques-Kopie.jpg 1276w\" sizes=\"(max-width: 297px) 100vw, 297px\" \/><figcaption id=\"caption-attachment-450\" class=\"wp-caption-text\">foto Djenna Wallace<\/figcaption><\/figure>\n<p>Neben zehn Eigenkompositionen befindet sich mit dem Lied &#8216;Lili Marleen&#8217; ein Cover auf dem Album. Lale Andersen die S\u00e4ngerin des Originals hatte nicht weit von meinem Elternhaus ihren Wohnsitz auf Langeoog. Ich bin mit diesem Lied aufgewachsen und wollte darum dass dieses Lied einen Platz auf dem Album bekommt. \u00a0F\u00fcr die Aufnahme habe ich die S\u00e4ngerin Annette de Rozario auf meinem alten Klavier begleitet das nicht mehr gestimmt wurde seitdem ich die Insel verlassen hatte.<\/p>\n<p>R\u00fcckblichend auf das fertige Album denke ich dass ich die musikalische Essenz finden konnte die ich gesucht habe. Und ohne dass es meine Absicht war ist dieses Album eine Ode an Langeoog geworden.<\/p>\n<p>Sollten Sie Interesse an einer CD haben senden Sie mir bitte eine Email. Ich schicke Ihnen gern ein Exemplar zu. (10 Euro excl. Porto)<\/p>","protected":false},"excerpt":{"rendered":"<p>\u00a0 Nach jahrelanger Arbeit als freelance Musiker wurde es Zeit mich auf die Suche nach meiner musikalischen Essenz zu machen. Mir schien meine Heimatinsel Langeoog, die mich nie richtig losgelassen hat, der geeignete Ort f\u00fcr diese Suche. Darum fuhr ich im Winter 2012 auf die Insel um etwas neues zu komponieren. Kaum angekommen fand ich &hellip; <\/p>\n<p class=\"link-more\"><a href=\"https:\/\/hajosanders.com\/index.php\/de\/nachtstucke-d\/\" class=\"more-link\">Continue reading<span class=\"screen-reader-text\"> &#8220;Nachtst\u00fccke&#8221;<\/span><\/a><\/p>\n","protected":false},"author":1,"featured_media":128,"parent":0,"menu_order":0,"comment_status":"closed","ping_status":"closed","template":"","meta":{"_mi_skip_tracking":false},"_links":{"self":[{"href":"https:\/\/hajosanders.com\/index.php\/wp-json\/wp\/v2\/pages\/415"}],"collection":[{"href":"https:\/\/hajosanders.com\/index.php\/wp-json\/wp\/v2\/pages"}],"about":[{"href":"https:\/\/hajosanders.com\/index.php\/wp-json\/wp\/v2\/types\/page"}],"author":[{"embeddable":true,"href":"https:\/\/hajosanders.com\/index.php\/wp-json\/wp\/v2\/users\/1"}],"replies":[{"embeddable":true,"href":"https:\/\/hajosanders.com\/index.php\/wp-json\/wp\/v2\/comments?post=415"}],"version-history":[{"count":4,"href":"https:\/\/hajosanders.com\/index.php\/wp-json\/wp\/v2\/pages\/415\/revisions"}],"predecessor-version":[{"id":502,"href":"https:\/\/hajosanders.com\/index.php\/wp-json\/wp\/v2\/pages\/415\/revisions\/502"}],"wp:featuredmedia":[{"embeddable":true,"href":"https:\/\/hajosanders.com\/index.php\/wp-json\/wp\/v2\/media\/128"}],"wp:attachment":[{"href":"https:\/\/hajosanders.com\/index.php\/wp-json\/wp\/v2\/media?parent=415"}],"curies":[{"name":"wp","href":"https:\/\/api.w.org\/{rel}","templated":true}]}}