{"id":424,"date":"2019-04-01T21:42:26","date_gmt":"2019-04-01T21:42:26","guid":{"rendered":"https:\/\/hajosanders.com\/?page_id=424"},"modified":"2019-04-03T22:29:48","modified_gmt":"2019-04-03T22:29:48","slug":"willkommen","status":"publish","type":"page","link":"https:\/\/hajosanders.com\/index.php\/de\/willkommen\/","title":{"rendered":"Home"},"content":{"rendered":"<p>Herzlich willkommen!<\/p>\n<p>Ich bin Hajo Sanders und spiele Klavier. Zur Zeit arbeite ich an der Ver\u00f6ffentlichung meines neuen Albums \u2018Nachtst\u00fccke\u2019. Neo klassische Klaviermusik eingebettet in Stimme und Elektronik. Auf dieser Seite k\u00f6nnen Sie Informationen \u00fcber mich und das Album finden. Es w\u00fcrde mich freuen wenn Sie sich etwas umschauen und vielleicht auch noch ein wenig Musik h\u00f6ren w\u00fcrden!<\/p>\n<figure id=\"attachment_356\" aria-describedby=\"caption-attachment-356\" style=\"width: 525px\" class=\"wp-caption aligncenter\"><img loading=\"lazy\" class=\"wp-image-356 size-large\" src=\"https:\/\/hajosanders.com\/wp-content\/uploads\/2019\/03\/141219-Leonie-Diemen-9380-1-1024x576.jpg\" alt=\"\" width=\"525\" height=\"295\" srcset=\"https:\/\/hajosanders.com\/wp-content\/uploads\/2019\/03\/141219-Leonie-Diemen-9380-1-1024x576.jpg 1024w, https:\/\/hajosanders.com\/wp-content\/uploads\/2019\/03\/141219-Leonie-Diemen-9380-1-300x169.jpg 300w, https:\/\/hajosanders.com\/wp-content\/uploads\/2019\/03\/141219-Leonie-Diemen-9380-1-768x432.jpg 768w, https:\/\/hajosanders.com\/wp-content\/uploads\/2019\/03\/141219-Leonie-Diemen-9380-1.jpg 1920w\" sizes=\"(max-width: 525px) 100vw, 525px\" \/><figcaption id=\"caption-attachment-356\" class=\"wp-caption-text\">foto Marco Heyda<\/figcaption><\/figure>\n","protected":false},"excerpt":{"rendered":"<p>Herzlich willkommen! Ich bin Hajo Sanders und spiele Klavier. Zur Zeit arbeite ich an der Ver\u00f6ffentlichung meines neuen Albums \u2018Nachtst\u00fccke\u2019. Neo klassische Klaviermusik eingebettet in Stimme und Elektronik. Auf dieser Seite k\u00f6nnen Sie Informationen \u00fcber mich und das Album finden. Es w\u00fcrde mich freuen wenn Sie sich etwas umschauen und vielleicht auch noch ein wenig &hellip; <\/p>\n<p class=\"link-more\"><a href=\"https:\/\/hajosanders.com\/index.php\/de\/willkommen\/\" class=\"more-link\">Continue reading<span class=\"screen-reader-text\"> &#8220;Home&#8221;<\/span><\/a><\/p>\n","protected":false},"author":1,"featured_media":394,"parent":0,"menu_order":0,"comment_status":"closed","ping_status":"closed","template":"","meta":{"_mi_skip_tracking":false},"_links":{"self":[{"href":"https:\/\/hajosanders.com\/index.php\/wp-json\/wp\/v2\/pages\/424"}],"collection":[{"href":"https:\/\/hajosanders.com\/index.php\/wp-json\/wp\/v2\/pages"}],"about":[{"href":"https:\/\/hajosanders.com\/index.php\/wp-json\/wp\/v2\/types\/page"}],"author":[{"embeddable":true,"href":"https:\/\/hajosanders.com\/index.php\/wp-json\/wp\/v2\/users\/1"}],"replies":[{"embeddable":true,"href":"https:\/\/hajosanders.com\/index.php\/wp-json\/wp\/v2\/comments?post=424"}],"version-history":[{"count":9,"href":"https:\/\/hajosanders.com\/index.php\/wp-json\/wp\/v2\/pages\/424\/revisions"}],"predecessor-version":[{"id":510,"href":"https:\/\/hajosanders.com\/index.php\/wp-json\/wp\/v2\/pages\/424\/revisions\/510"}],"wp:featuredmedia":[{"embeddable":true,"href":"https:\/\/hajosanders.com\/index.php\/wp-json\/wp\/v2\/media\/394"}],"wp:attachment":[{"href":"https:\/\/hajosanders.com\/index.php\/wp-json\/wp\/v2\/media?parent=424"}],"curies":[{"name":"wp","href":"https:\/\/api.w.org\/{rel}","templated":true}]}}